{"id":1255,"date":"2021-11-05T20:18:20","date_gmt":"2021-11-05T20:18:20","guid":{"rendered":"http:\/\/advocaciaheitorsica.com.br\/?page_id=1255"},"modified":"2023-03-08T15:29:10","modified_gmt":"2023-03-08T15:29:10","slug":"areas-de-atuacao","status":"publish","type":"page","link":"http:\/\/advocaciaheitorsica.com.br\/?page_id=1255","title":{"rendered":"\u00c1reas de Atua\u00e7\u00e3o"},"content":{"rendered":"\t\t<div data-elementor-type=\"wp-page\" data-elementor-id=\"1255\" class=\"elementor elementor-1255\" data-elementor-post-type=\"page\">\n\t\t\t\t\t\t\t\t\t<section class=\"elementor-section elementor-top-section elementor-element elementor-element-b72933a elementor-section-height-min-height elementor-section-boxed elementor-section-height-default elementor-section-items-middle\" data-id=\"b72933a\" data-element_type=\"section\" data-settings=\"{&quot;background_background&quot;:&quot;slideshow&quot;,&quot;background_slideshow_gallery&quot;:[{&quot;id&quot;:1302,&quot;url&quot;:&quot;http:\\\/\\\/advocaciaheitorsica.com.br\\\/wp-content\\\/uploads\\\/TJSP-scaled.jpeg&quot;}],&quot;shape_divider_bottom&quot;:&quot;triangle&quot;,&quot;shape_divider_bottom_negative&quot;:&quot;yes&quot;,&quot;background_slideshow_loop&quot;:&quot;yes&quot;,&quot;background_slideshow_slide_duration&quot;:5000,&quot;background_slideshow_slide_transition&quot;:&quot;fade&quot;,&quot;background_slideshow_transition_duration&quot;:500}\">\n\t\t\t\t\t\t\t<div class=\"elementor-background-overlay\"><\/div>\n\t\t\t\t\t\t<div class=\"elementor-shape elementor-shape-bottom\" data-negative=\"true\">\n\t\t\t<svg xmlns=\"http:\/\/www.w3.org\/2000\/svg\" viewBox=\"0 0 1000 100\" preserveAspectRatio=\"none\">\n\t<path class=\"elementor-shape-fill\" d=\"M500.2,94.7L0,0v100h1000V0L500.2,94.7z\"\/>\n<\/svg>\t\t<\/div>\n\t\t\t\t\t<div class=\"elementor-container elementor-column-gap-default\">\n\t\t\t\t\t<div class=\"elementor-column elementor-col-100 elementor-top-column elementor-element elementor-element-461964b\" data-id=\"461964b\" data-element_type=\"column\">\n\t\t\t<div class=\"elementor-widget-wrap elementor-element-populated\">\n\t\t\t\t\t\t\t\t<div class=\"elementor-element elementor-element-1917d5d elementor-widget elementor-widget-spacer\" data-id=\"1917d5d\" data-element_type=\"widget\" data-widget_type=\"spacer.default\">\n\t\t\t\t<div class=\"elementor-widget-container\">\n\t\t\t<style>\/*! elementor - v3.15.0 - 20-08-2023 *\/\n.elementor-column .elementor-spacer-inner{height:var(--spacer-size)}.e-con{--container-widget-width:100%}.e-con-inner>.elementor-widget-spacer,.e-con>.elementor-widget-spacer{width:var(--container-widget-width,var(--spacer-size));--align-self:var(--container-widget-align-self,initial);--flex-shrink:0}.e-con-inner>.elementor-widget-spacer>.elementor-widget-container,.e-con-inner>.elementor-widget-spacer>.elementor-widget-container>.elementor-spacer,.e-con>.elementor-widget-spacer>.elementor-widget-container,.e-con>.elementor-widget-spacer>.elementor-widget-container>.elementor-spacer{height:100%}.e-con-inner>.elementor-widget-spacer>.elementor-widget-container>.elementor-spacer>.elementor-spacer-inner,.e-con>.elementor-widget-spacer>.elementor-widget-container>.elementor-spacer>.elementor-spacer-inner{height:var(--container-widget-height,var(--spacer-size))}<\/style>\t\t<div class=\"elementor-spacer\">\n\t\t\t<div class=\"elementor-spacer-inner\"><\/div>\n\t\t<\/div>\n\t\t\t\t<\/div>\n\t\t\t\t<\/div>\n\t\t\t\t<div class=\"elementor-element elementor-element-0b4ad0a elementor-widget elementor-widget-text-editor\" data-id=\"0b4ad0a\" data-element_type=\"widget\" data-widget_type=\"text-editor.default\">\n\t\t\t\t<div class=\"elementor-widget-container\">\n\t\t\t<style>\/*! elementor - v3.15.0 - 20-08-2023 *\/\n.elementor-widget-text-editor.elementor-drop-cap-view-stacked .elementor-drop-cap{background-color:#69727d;color:#fff}.elementor-widget-text-editor.elementor-drop-cap-view-framed .elementor-drop-cap{color:#69727d;border:3px solid;background-color:transparent}.elementor-widget-text-editor:not(.elementor-drop-cap-view-default) .elementor-drop-cap{margin-top:8px}.elementor-widget-text-editor:not(.elementor-drop-cap-view-default) .elementor-drop-cap-letter{width:1em;height:1em}.elementor-widget-text-editor .elementor-drop-cap{float:left;text-align:center;line-height:1;font-size:50px}.elementor-widget-text-editor .elementor-drop-cap-letter{display:inline-block}<\/style>\t\t\t\t\t\t\t\t\t\t<\/div>\n\t\t\t\t<\/div>\n\t\t\t\t<div class=\"elementor-element elementor-element-a1c5f76 elementor-widget elementor-widget-text-editor\" data-id=\"a1c5f76\" data-element_type=\"widget\" data-widget_type=\"text-editor.default\">\n\t\t\t\t<div class=\"elementor-widget-container\">\n\t\t\t\t\t\t\t\t\t\t\t\t\t<\/div>\n\t\t\t\t<\/div>\n\t\t\t\t<div class=\"elementor-element elementor-element-3ff4112 elementor-widget elementor-widget-spacer\" data-id=\"3ff4112\" data-element_type=\"widget\" data-widget_type=\"spacer.default\">\n\t\t\t\t<div class=\"elementor-widget-container\">\n\t\t\t\t\t<div class=\"elementor-spacer\">\n\t\t\t<div class=\"elementor-spacer-inner\"><\/div>\n\t\t<\/div>\n\t\t\t\t<\/div>\n\t\t\t\t<\/div>\n\t\t\t\t\t<\/div>\n\t\t<\/div>\n\t\t\t\t\t\t\t<\/div>\n\t\t<\/section>\n\t\t\t\t<section class=\"elementor-section elementor-top-section elementor-element elementor-element-7a66e51 elementor-section-boxed elementor-section-height-default elementor-section-height-default\" data-id=\"7a66e51\" data-element_type=\"section\">\n\t\t\t\t\t\t<div class=\"elementor-container elementor-column-gap-default\">\n\t\t\t\t\t<div class=\"elementor-column elementor-col-100 elementor-top-column elementor-element elementor-element-1f6b64a\" data-id=\"1f6b64a\" data-element_type=\"column\">\n\t\t\t<div class=\"elementor-widget-wrap elementor-element-populated\">\n\t\t\t\t\t\t\t\t<div class=\"elementor-element elementor-element-352f02d elementor-widget elementor-widget-spacer\" data-id=\"352f02d\" data-element_type=\"widget\" data-widget_type=\"spacer.default\">\n\t\t\t\t<div class=\"elementor-widget-container\">\n\t\t\t\t\t<div class=\"elementor-spacer\">\n\t\t\t<div class=\"elementor-spacer-inner\"><\/div>\n\t\t<\/div>\n\t\t\t\t<\/div>\n\t\t\t\t<\/div>\n\t\t\t\t<div class=\"elementor-element elementor-element-681216a elementor-widget elementor-widget-text-editor\" data-id=\"681216a\" data-element_type=\"widget\" data-widget_type=\"text-editor.default\">\n\t\t\t\t<div class=\"elementor-widget-container\">\n\t\t\t\t\t\t\t<h1>\u00c1reas de Atua\u00e7\u00e3o<\/h1>\t\t\t\t\t\t<\/div>\n\t\t\t\t<\/div>\n\t\t\t\t<div class=\"elementor-element elementor-element-8854d82 elementor-widget-divider--view-line elementor-widget elementor-widget-divider\" data-id=\"8854d82\" data-element_type=\"widget\" data-widget_type=\"divider.default\">\n\t\t\t\t<div class=\"elementor-widget-container\">\n\t\t\t<style>\/*! elementor - v3.15.0 - 20-08-2023 *\/\n.elementor-widget-divider{--divider-border-style:none;--divider-border-width:1px;--divider-color:#0c0d0e;--divider-icon-size:20px;--divider-element-spacing:10px;--divider-pattern-height:24px;--divider-pattern-size:20px;--divider-pattern-url:none;--divider-pattern-repeat:repeat-x}.elementor-widget-divider .elementor-divider{display:flex}.elementor-widget-divider .elementor-divider__text{font-size:15px;line-height:1;max-width:95%}.elementor-widget-divider .elementor-divider__element{margin:0 var(--divider-element-spacing);flex-shrink:0}.elementor-widget-divider .elementor-icon{font-size:var(--divider-icon-size)}.elementor-widget-divider .elementor-divider-separator{display:flex;margin:0;direction:ltr}.elementor-widget-divider--view-line_icon .elementor-divider-separator,.elementor-widget-divider--view-line_text .elementor-divider-separator{align-items:center}.elementor-widget-divider--view-line_icon .elementor-divider-separator:after,.elementor-widget-divider--view-line_icon .elementor-divider-separator:before,.elementor-widget-divider--view-line_text .elementor-divider-separator:after,.elementor-widget-divider--view-line_text .elementor-divider-separator:before{display:block;content:\"\";border-bottom:0;flex-grow:1;border-top:var(--divider-border-width) var(--divider-border-style) var(--divider-color)}.elementor-widget-divider--element-align-left .elementor-divider .elementor-divider-separator>.elementor-divider__svg:first-of-type{flex-grow:0;flex-shrink:100}.elementor-widget-divider--element-align-left .elementor-divider-separator:before{content:none}.elementor-widget-divider--element-align-left .elementor-divider__element{margin-left:0}.elementor-widget-divider--element-align-right .elementor-divider .elementor-divider-separator>.elementor-divider__svg:last-of-type{flex-grow:0;flex-shrink:100}.elementor-widget-divider--element-align-right .elementor-divider-separator:after{content:none}.elementor-widget-divider--element-align-right .elementor-divider__element{margin-right:0}.elementor-widget-divider:not(.elementor-widget-divider--view-line_text):not(.elementor-widget-divider--view-line_icon) .elementor-divider-separator{border-top:var(--divider-border-width) var(--divider-border-style) var(--divider-color)}.elementor-widget-divider--separator-type-pattern{--divider-border-style:none}.elementor-widget-divider--separator-type-pattern.elementor-widget-divider--view-line .elementor-divider-separator,.elementor-widget-divider--separator-type-pattern:not(.elementor-widget-divider--view-line) .elementor-divider-separator:after,.elementor-widget-divider--separator-type-pattern:not(.elementor-widget-divider--view-line) .elementor-divider-separator:before,.elementor-widget-divider--separator-type-pattern:not([class*=elementor-widget-divider--view]) .elementor-divider-separator{width:100%;min-height:var(--divider-pattern-height);-webkit-mask-size:var(--divider-pattern-size) 100%;mask-size:var(--divider-pattern-size) 100%;-webkit-mask-repeat:var(--divider-pattern-repeat);mask-repeat:var(--divider-pattern-repeat);background-color:var(--divider-color);-webkit-mask-image:var(--divider-pattern-url);mask-image:var(--divider-pattern-url)}.elementor-widget-divider--no-spacing{--divider-pattern-size:auto}.elementor-widget-divider--bg-round{--divider-pattern-repeat:round}.rtl .elementor-widget-divider .elementor-divider__text{direction:rtl}.e-con-inner>.elementor-widget-divider,.e-con>.elementor-widget-divider{width:var(--container-widget-width,100%);--flex-grow:var(--container-widget-flex-grow)}<\/style>\t\t<div class=\"elementor-divider\">\n\t\t\t<span class=\"elementor-divider-separator\">\n\t\t\t\t\t\t<\/span>\n\t\t<\/div>\n\t\t\t\t<\/div>\n\t\t\t\t<\/div>\n\t\t\t\t<section class=\"elementor-section elementor-inner-section elementor-element elementor-element-70bfc62 elementor-section-boxed elementor-section-height-default elementor-section-height-default\" data-id=\"70bfc62\" data-element_type=\"section\">\n\t\t\t\t\t\t<div class=\"elementor-container elementor-column-gap-default\">\n\t\t\t\t\t<div class=\"elementor-column elementor-col-50 elementor-inner-column elementor-element elementor-element-5004c67\" data-id=\"5004c67\" data-element_type=\"column\">\n\t\t\t<div class=\"elementor-widget-wrap elementor-element-populated\">\n\t\t\t\t\t\t\t\t<div class=\"elementor-element elementor-element-dfa6494 elementor-widget elementor-widget-text-editor\" data-id=\"dfa6494\" data-element_type=\"widget\" data-widget_type=\"text-editor.default\">\n\t\t\t\t<div class=\"elementor-widget-container\">\n\t\t\t\t\t\t\t<h3><span style=\"font-weight: 400;\">Direito Civil e Consumidor<\/span><\/h3><p><span style=\"color: var( --e-global-color-text ); font-family: var( --e-global-typography-text-font-family ), Sans-serif; font-size: 1rem;\">Elabora\u00e7\u00e3o de contratos relacionados ao Direito Civil.<\/span><\/p><p><span style=\"font-weight: 400;\">Notifica\u00e7\u00f5es extrajudiciais.<\/span><\/p><p><span style=\"font-weight: 400;\">Medidas de urg\u00eancia, como busca e apreens\u00e3o, exibi\u00e7\u00e3o de documentos,<\/span><\/p><p><span style=\"font-weight: 400;\">susta\u00e7\u00e3o ou cancelamento de protestos, produ\u00e7\u00e3o de provas.<\/span><\/p><p><span style=\"font-weight: 400;\">Atua\u00e7\u00e3o nos conflitos entre fornecedores e consumidores de produtos e\u00a0<\/span>servi\u00e7os.<\/p><p><span style=\"font-weight: 400;\">Atua\u00e7\u00e3o nas \u00e1reas gerais do Direito Civil, como responsabilidade civil por\u00a0<\/span>atos il\u00edcitos, disputas contratuais, cobran\u00e7as de d\u00e9bitos, direito das\u00a0<span style=\"color: var( --e-global-color-text ); font-family: var( --e-global-typography-text-font-family ), Sans-serif; font-size: 1rem;\">obriga\u00e7\u00f5es.<\/span><\/p><p><span style=\"color: var( --e-global-color-text ); font-family: var( --e-global-typography-text-font-family ), Sans-serif; font-size: 1rem;\">\u00a0<\/span><\/p><h3><span style=\"font-weight: 400;\">Direito Imobili\u00e1rio \u2013 Transa\u00e7\u00f5es Imobili\u00e1rias<\/span><\/h3><p><span style=\"font-weight: 400;\">Completa consultoria na elabora\u00e7\u00e3o e revis\u00e3o de minutas de escrituras e contratos referentes a compra e venda de im\u00f3veis (rurais ou urbanos), loca\u00e7\u00f5es, comodatos, conven\u00e7\u00e3o e especifica\u00e7\u00e3o de condom\u00ednios, loteamentos, \u201cshopping centers\u201d, desdobramentos e incorpora\u00e7\u00f5es.<\/span><\/p><p><span style=\"font-weight: 400;\">Regulariza\u00e7\u00e3o de im\u00f3veis perante a Servi\u00e7o de Registro de Im\u00f3veis, Servi\u00e7o de Patrim\u00f4nio da Uni\u00e3o e demais reparti\u00e7\u00f5es.<\/span><\/p><p><span style=\"font-weight: 400;\">A\u00e7\u00f5es relativas a loca\u00e7\u00f5es imobili\u00e1rias, como despejos, renovat\u00f3rias, revisionais de aluguel. A\u00e7\u00f5es de usucapi\u00e3o e de retifica\u00e7\u00e3o de \u00e1rea.<\/span><\/p><p><span style=\"font-weight: 400;\">\u00a0<\/span><\/p><h3><span style=\"font-weight: 400;\">Direito de Fam\u00edlia<\/span><\/h3><p><span style=\"font-weight: 400;\">Atua\u00e7\u00e3o em Invent\u00e1rios, testamentos e planejamentos sucess\u00f3rios.<\/span><\/p><p><span style=\"font-weight: 400;\">Separa\u00e7\u00e3o e Div\u00f3rcio Consensual, com assessoramento dos c\u00f4njuges.<\/span><\/p><p><span style=\"font-weight: 400;\">\u00a0<\/span><\/p><h3><span style=\"font-weight: 400;\">Direito Comercial<\/span><\/h3><p><span style=\"font-weight: 400;\">Completa assessoria em contratos e nos neg\u00f3cios empresariais em geral.<\/span><\/p><p><span style=\"font-weight: 400;\">Constitui\u00e7\u00e3o de sociedades, altera\u00e7\u00f5es contratuais, elabora\u00e7\u00e3o de instrumentos societ\u00e1rios diversos como acordo de acionistas.<\/span><\/p><p>\u00a0<\/p>\t\t\t\t\t\t<\/div>\n\t\t\t\t<\/div>\n\t\t\t\t\t<\/div>\n\t\t<\/div>\n\t\t\t\t<div class=\"elementor-column elementor-col-50 elementor-inner-column elementor-element elementor-element-ef6a699\" data-id=\"ef6a699\" data-element_type=\"column\">\n\t\t\t<div class=\"elementor-widget-wrap elementor-element-populated\">\n\t\t\t\t\t\t\t\t<div class=\"elementor-element elementor-element-01a4155 elementor-widget elementor-widget-text-editor\" data-id=\"01a4155\" data-element_type=\"widget\" data-widget_type=\"text-editor.default\">\n\t\t\t\t<div class=\"elementor-widget-container\">\n\t\t\t\t\t\t\t<h3><span style=\"font-weight: 400;\">Direito Tribut\u00e1rio<\/span><\/h3><p><span style=\"font-weight: 400;\">Consultoria e assessoria quanto \u00e0 aplica\u00e7\u00e3o das normas tribut\u00e1rias nas esferas federal, estadual e municipal.<\/span><\/p><p><span style=\"font-weight: 400;\">Patroc\u00ednio de a\u00e7\u00f5es judiciais e processos administrativos fiscais.<\/span><\/p><p><span style=\"font-weight: 400;\">Assessoria preventiva a pessoas f\u00edsicas e jur\u00eddicas em rela\u00e7\u00e3o a obriga\u00e7\u00f5es tribut\u00e1rias, imposto de renda e documentos fiscais.<\/span><\/p><p><span style=\"font-weight: 400;\">Quest\u00f5es relacionadas a pedidos de repeti\u00e7\u00e3o de ind\u00e9bitos, mandados de seguran\u00e7a e a\u00e7\u00f5es declarat\u00f3rias contra exig\u00eancia de tributos indevidos.<\/span><\/p><p><span style=\"font-weight: 400;\">\u00a0<\/span><\/p><h3><span style=\"font-weight: 400;\">Contencioso e Consultivo Trabalhista<\/span><\/h3><p><span style=\"font-weight: 400;\">Representa\u00e7\u00e3o em processos judiciais e procedimentos administrativos.<\/span><\/p><p><span style=\"font-weight: 400;\">Representa\u00e7\u00e3o perante entidades sindicais, conven\u00e7\u00f5es coletivas de trabalho, diss\u00eddios coletivos.<\/span><\/p><p><span style=\"font-weight: 400;\">Assessoria para o correta observ\u00e2ncia da legisla\u00e7\u00e3o trabalhista.<\/span><\/p><p><span style=\"font-weight: 400;\">Assist\u00eancia preventiva, a partir de elabora\u00e7\u00e3o de contratos de trabalho, acompanhamento do processo demissional, planos de demiss\u00e3o volunt\u00e1ria.<\/span><\/p><p><span style=\"font-weight: 400;\">Exame e elabora\u00e7\u00e3o de contratos de trabalho, coletivos ou individuais, para empregados, inclusive os de alto n\u00edvel.<\/span><\/p><p><span style=\"font-weight: 400;\">Defesas em reclama\u00e7\u00f5es trabalhistas e a\u00e7\u00f5es propostas por sindicatos, bem como interposi\u00e7\u00e3o de recursos que forem necess\u00e1rios e seu acompanhamento.<\/span><\/p><p><span style=\"font-weight: 400;\">\u00a0<\/span><\/p><h3><span style=\"font-weight: 400;\">Previdenci\u00e1rio<\/span><\/h3><p><span style=\"color: var( --e-global-color-text ); font-family: var( --e-global-typography-text-font-family ), Sans-serif; font-size: 1rem;\">Orienta\u00e7\u00e3o relativa a verbas previdenci\u00e1rias;<\/span><\/p><p><span style=\"font-weight: 400;\">Ingresso e acompanhamento de processos administrativos ou judiciais sobre assuntos do Direito Previdenci\u00e1rio, como aposentadoria, pens\u00e3o por morte.<\/span><\/p><p><span style=\"font-weight: 400;\">\u00a0<\/span><\/p><h3><span style=\"font-weight: 400;\">Media\u00e7\u00e3o e Arbitragem<\/span><\/h3><p><span style=\"font-weight: 400;\">Orienta\u00e7\u00e3o relativa a media\u00e7\u00e3o e arbitragem;<\/span><\/p><p><span style=\"font-weight: 400;\">T\u00e9cnicas espec\u00edficas para solu\u00e7\u00e3o de conflitos<\/span><\/p>\t\t\t\t\t\t<\/div>\n\t\t\t\t<\/div>\n\t\t\t\t\t<\/div>\n\t\t<\/div>\n\t\t\t\t\t\t\t<\/div>\n\t\t<\/section>\n\t\t\t\t\t<\/div>\n\t\t<\/div>\n\t\t\t\t\t\t\t<\/div>\n\t\t<\/section>\n\t\t\t\t<section class=\"elementor-section elementor-top-section elementor-element elementor-element-67adafc elementor-section-boxed elementor-section-height-default elementor-section-height-default\" data-id=\"67adafc\" data-element_type=\"section\">\n\t\t\t\t\t\t<div class=\"elementor-container elementor-column-gap-default\">\n\t\t\t\t\t<div class=\"elementor-column elementor-col-100 elementor-top-column elementor-element elementor-element-91a773f\" data-id=\"91a773f\" data-element_type=\"column\">\n\t\t\t<div class=\"elementor-widget-wrap elementor-element-populated\">\n\t\t\t\t\t\t\t\t<div class=\"elementor-element elementor-element-af4ee4b elementor-widget elementor-widget-text-editor\" data-id=\"af4ee4b\" data-element_type=\"widget\" data-widget_type=\"text-editor.default\">\n\t\t\t\t<div class=\"elementor-widget-container\">\n\t\t\t\t\t\t\t<h1>\u00c1reas de Apoio<\/h1>\t\t\t\t\t\t<\/div>\n\t\t\t\t<\/div>\n\t\t\t\t<section class=\"elementor-section elementor-inner-section elementor-element elementor-element-c8a0e3e elementor-section-boxed elementor-section-height-default elementor-section-height-default\" data-id=\"c8a0e3e\" data-element_type=\"section\">\n\t\t\t\t\t\t<div class=\"elementor-container elementor-column-gap-default\">\n\t\t\t\t\t<div class=\"elementor-column elementor-col-50 elementor-inner-column elementor-element elementor-element-5f66e67\" data-id=\"5f66e67\" data-element_type=\"column\">\n\t\t\t<div class=\"elementor-widget-wrap elementor-element-populated\">\n\t\t\t\t\t\t\t\t<div class=\"elementor-element elementor-element-600631e elementor-widget elementor-widget-text-editor\" data-id=\"600631e\" data-element_type=\"widget\" data-widget_type=\"text-editor.default\">\n\t\t\t\t<div class=\"elementor-widget-container\">\n\t\t\t\t\t\t\t<p><span style=\"font-weight: 400;\">O Escrit\u00f3rio de Advocacia HEITOR VITOR FRALINO SICA conta com parceiros em diversas \u00e1reas ligadas ao Direito, dispondo de pessoal paralegal apto para trabalhos que atendem as necessidades de seus clientes, como:<\/span><\/p>\t\t\t\t\t\t<\/div>\n\t\t\t\t<\/div>\n\t\t\t\t<div class=\"elementor-element elementor-element-b739b90 elementor-widget elementor-widget-text-editor\" data-id=\"b739b90\" data-element_type=\"widget\" data-widget_type=\"text-editor.default\">\n\t\t\t\t<div class=\"elementor-widget-container\">\n\t\t\t\t\t\t\t<h3><p style=\"font-size: 16px;\">consultoria organizacional na \u00e1rea de recursos humanos;<\/p><p style=\"font-size: 16px;\">contabilidade fiscal e societ\u00e1ria;<\/p><p style=\"font-size: 16px;\">constitui\u00e7\u00e3o de empresas;<\/p><p style=\"font-size: 16px;\">publicidade de atas e balan\u00e7os;<\/p><p style=\"font-size: 16px;\">avalia\u00e7\u00f5es de im\u00f3veis por meio de engenheiros especializados, na sua maioria peritos judiciais com larga e comprovada experi\u00eancia;<\/p><p style=\"font-size: 16px;\">levantamentos topogr\u00e1ficos;<\/p><p style=\"font-size: 16px;\">auditorias cont\u00e1beis e fiscais;<\/p><p style=\"font-size: 16px;\">auditorias condominiais.<\/p><\/h3>\t\t\t\t\t\t<\/div>\n\t\t\t\t<\/div>\n\t\t\t\t\t<\/div>\n\t\t<\/div>\n\t\t\t\t<div class=\"elementor-column elementor-col-50 elementor-inner-column elementor-element elementor-element-52196ed\" data-id=\"52196ed\" data-element_type=\"column\">\n\t\t\t<div class=\"elementor-widget-wrap\">\n\t\t\t\t\t\t\t\t\t<\/div>\n\t\t<\/div>\n\t\t\t\t\t\t\t<\/div>\n\t\t<\/section>\n\t\t\t\t\t<\/div>\n\t\t<\/div>\n\t\t\t\t\t\t\t<\/div>\n\t\t<\/section>\n\t\t\t\t\t\t\t<\/div>\n\t\t","protected":false},"excerpt":{"rendered":"<p>\u00c1reas de Atua\u00e7\u00e3o Direito Civil e Consumidor Elabora\u00e7\u00e3o de contratos relacionados ao Direito Civil. Notifica\u00e7\u00f5es extrajudiciais. Medidas de urg\u00eancia, como busca e apreens\u00e3o, exibi\u00e7\u00e3o de documentos, susta\u00e7\u00e3o ou cancelamento de protestos, produ\u00e7\u00e3o de provas. Atua\u00e7\u00e3o nos conflitos entre fornecedores e consumidores de produtos e\u00a0servi\u00e7os. Atua\u00e7\u00e3o nas \u00e1reas gerais do Direito Civil, como responsabilidade civil por\u00a0atos [&hellip;]<\/p>\n","protected":false},"author":8648,"featured_media":0,"parent":0,"menu_order":0,"comment_status":"closed","ping_status":"closed","template":"elementor_header_footer","meta":{"footnotes":""},"_links":{"self":[{"href":"http:\/\/advocaciaheitorsica.com.br\/index.php?rest_route=\/wp\/v2\/pages\/1255"}],"collection":[{"href":"http:\/\/advocaciaheitorsica.com.br\/index.php?rest_route=\/wp\/v2\/pages"}],"about":[{"href":"http:\/\/advocaciaheitorsica.com.br\/index.php?rest_route=\/wp\/v2\/types\/page"}],"author":[{"embeddable":true,"href":"http:\/\/advocaciaheitorsica.com.br\/index.php?rest_route=\/wp\/v2\/users\/8648"}],"replies":[{"embeddable":true,"href":"http:\/\/advocaciaheitorsica.com.br\/index.php?rest_route=%2Fwp%2Fv2%2Fcomments&post=1255"}],"version-history":[{"count":22,"href":"http:\/\/advocaciaheitorsica.com.br\/index.php?rest_route=\/wp\/v2\/pages\/1255\/revisions"}],"predecessor-version":[{"id":1308,"href":"http:\/\/advocaciaheitorsica.com.br\/index.php?rest_route=\/wp\/v2\/pages\/1255\/revisions\/1308"}],"wp:attachment":[{"href":"http:\/\/advocaciaheitorsica.com.br\/index.php?rest_route=%2Fwp%2Fv2%2Fmedia&parent=1255"}],"curies":[{"name":"wp","href":"https:\/\/api.w.org\/{rel}","templated":true}]}}